{"id":456,"date":"2023-05-08T16:52:55","date_gmt":"2023-05-08T16:52:55","guid":{"rendered":"https:\/\/zerosprechi.it\/?page_id=456"},"modified":"2023-05-29T08:30:12","modified_gmt":"2023-05-29T08:30:12","slug":"privacy-policy-2","status":"publish","type":"page","link":"https:\/\/zerosprechi.it\/?page_id=456","title":{"rendered":"Privacy Policy"},"content":{"rendered":"\t\t<div data-elementor-type=\"wp-page\" data-elementor-id=\"456\" class=\"elementor elementor-456\" data-elementor-post-type=\"page\">\n\t\t\t\t\t\t\t\t\t<section class=\"elementor-section elementor-top-section elementor-element elementor-element-8c9533a elementor-section-boxed elementor-section-height-default elementor-section-height-default wpr-particle-no wpr-jarallax-no wpr-parallax-no wpr-sticky-section-no\" data-id=\"8c9533a\" data-element_type=\"section\">\n\t\t\t\t\t\t<div class=\"elementor-container elementor-column-gap-default\">\n\t\t\t\t\t<div class=\"elementor-column elementor-col-100 elementor-top-column elementor-element elementor-element-69eb074\" data-id=\"69eb074\" data-element_type=\"column\">\n\t\t\t<div class=\"elementor-widget-wrap elementor-element-populated\">\n\t\t\t\t\t\t\t\t<div class=\"elementor-element elementor-element-ad0d74e elementor-widget elementor-widget-heading\" data-id=\"ad0d74e\" data-element_type=\"widget\" data-widget_type=\"heading.default\">\n\t\t\t\t<div class=\"elementor-widget-container\">\n\t\t\t<style>\/*! elementor - v3.14.0 - 26-06-2023 *\/\n.elementor-heading-title{padding:0;margin:0;line-height:1}.elementor-widget-heading .elementor-heading-title[class*=elementor-size-]>a{color:inherit;font-size:inherit;line-height:inherit}.elementor-widget-heading .elementor-heading-title.elementor-size-small{font-size:15px}.elementor-widget-heading .elementor-heading-title.elementor-size-medium{font-size:19px}.elementor-widget-heading .elementor-heading-title.elementor-size-large{font-size:29px}.elementor-widget-heading .elementor-heading-title.elementor-size-xl{font-size:39px}.elementor-widget-heading .elementor-heading-title.elementor-size-xxl{font-size:59px}<\/style><h2 class=\"elementor-heading-title elementor-size-default\">Privacy Policy<\/h2>\t\t<\/div>\n\t\t\t\t<\/div>\n\t\t\t\t<div class=\"elementor-element elementor-element-abd1b0f elementor-widget elementor-widget-text-editor\" data-id=\"abd1b0f\" data-element_type=\"widget\" data-widget_type=\"text-editor.default\">\n\t\t\t\t<div class=\"elementor-widget-container\">\n\t\t\t<style>\/*! elementor - v3.14.0 - 26-06-2023 *\/\n.elementor-widget-text-editor.elementor-drop-cap-view-stacked .elementor-drop-cap{background-color:#69727d;color:#fff}.elementor-widget-text-editor.elementor-drop-cap-view-framed .elementor-drop-cap{color:#69727d;border:3px solid;background-color:transparent}.elementor-widget-text-editor:not(.elementor-drop-cap-view-default) .elementor-drop-cap{margin-top:8px}.elementor-widget-text-editor:not(.elementor-drop-cap-view-default) .elementor-drop-cap-letter{width:1em;height:1em}.elementor-widget-text-editor .elementor-drop-cap{float:left;text-align:center;line-height:1;font-size:50px}.elementor-widget-text-editor .elementor-drop-cap-letter{display:inline-block}<\/style>\t\t\t\t<p>(Informativa sul trattamento dei dati personali ai sensi degli art. 13 del D.lgs. n. 196\/2003, nonch\u00e9 del Regolamento UE 679\/2016)<br \/><br \/>ZeroSprechi, in qualit\u00e0 di Titolare del trattamento (d\u2019ora in avanti: \u201cZeroSprechi\u201d o \u201cTitolare\u201d) ai sensi del D.lgs. n. 196\/2003 (\u201cCodice\u201d), nonch\u00e9 del Regolamento UE 679\/2016 (d\u2019ora in avanti: \u201cRegolamento\u201d) \u2013 considera la privacy e la tutela dei dati personali uno degli obiettivi principali della propria attivit\u00e0. La invitiamo, dunque, prima di comunicare qualsiasi dato personale al Titolare, a leggere con attenzione la presente Privacy Policy perch\u00e9 contiene informazioni importanti sulla tutela dei Suoi dati personali.<br \/><br \/><br \/><strong>La presente Privacy Policy:<\/strong><br \/><br \/>si intende resa per il sito www.zerosprechi.it, nonch\u00e9 per la sezione dello stesso dedicata agli Investor (d\u2019ora in avanti: \u201cSito\u201d);<br \/><br \/>costituisce parte integrante del Sito e dei servizi che offriamo;<br \/><br \/>\u00e8 resa ai sensi dell\u2019art. 13 del Codice, nonch\u00e9 dell\u2019art.13 del Regolamento, a coloro che interagiscono con i servizi web del Sito.<br \/><br \/>Il trattamento dei Suoi dati personali sar\u00e0 improntato ai principi di correttezza, liceit\u00e0, trasparenza, limitazione delle finalit\u00e0 e della conservazione, minimizzazione ed esattezza, integrit\u00e0 e riservatezza, nonch\u00e9 al principio di responsabilizzazione di cui all\u2019art. 5 del Regolamento. I Suoi dati personali verranno pertanto trattati in accordo alle disposizioni legislative del Regolamento e degli obblighi di riservatezza ivi previsti.<br \/><br \/>Per trattamento di dati personali intendiamo qualsiasi operazione o insieme di operazioni, compiute con o senza l\u2019ausilio di processi automatizzati e applicate a dati personali o insiemi di dati personali, come la raccolta, la registrazione, l\u2019organizzazione, la strutturazione, la conservazione, l\u2019adattamento o la modifica, l\u2019estrazione, la consultazione, l\u2019uso, la comunicazione mediante trasmissione, diffusione o qualsiasi altra forma di messa a disposizione, il raffronto o l\u2019interconnessione, la limitazione, la cancellazione o la distruzione.<br \/><br \/><strong>INDICE<\/strong><br \/><br \/>Di seguito forniamo l\u2019indice della presente Privacy Policy cos\u00ec che Lei possa facilmente trovare le informazioni inerenti al trattamento dei Suoi dati personali che La interessano.<br \/><br \/>\u2013 1. TITOLARE DEL TRATTAMENTO E DATA PROTECTION OFFICER<br \/><br \/>\u2013 2. I DATI PERSONALI OGGETTO DI TRATTAMENTO;<br \/>\u2013 a. Dati di navigazione;<br \/>\u2013 b. Cookie<br \/><br \/>\u2013 3. FINALIT\u00c0 DEL TRATTAMENTO<br \/><br \/>\u2013 4. BASE LEGALE E NATURA OBBLIGATORIA O FACOLTATIVA DEL TRATTAMENTO<br \/><br \/>\u2013 5. DESTINATARI DEI DATI PERSONALI<br \/><br \/>\u2013 6. TRASFERIMENTI DI DATI PERSONALI<br \/><br \/>\u2013 7. CONSERVAZIONE DEI DATI PERSONALI<br \/><br \/>\u2013 8. DIRITTI DELL\u2019INTERESSATO<br \/><br \/>\u2013 9. MODIFICHE<br \/><br \/>\u2013 10. CONTATTI<br \/><br \/><br \/><strong>1. TITOLARE<\/strong><br \/>Titolare del trattamento \u00e8 ZeroSprechi con sede in Scandicci (FI, Italia), Via Toscanelli n. 4, P.I 05569440489. Il Responsabile della Protezione dei Dati di ZeroSprechi pu\u00f2 essere contattato presso la sede del Titolare del trattamento all\u2019indirizzo sopra indicato e via email all\u2019indirizzo: info@zerosprechi.it<br \/><strong>2. I DATI PERSONALI OGGETTO DI TRATTAMENTO<\/strong><br \/><br \/>La informiamo che i dati personali oggetto di trattamento potranno essere costituiti da un identificativo come il nome, un numero di identificazione, dati relativi all\u2019ubicazione, a un identificativo online o a uno o pi\u00f9 elementi caratteristici della sua identit\u00e0\u0300 fisica, fisiologica, psichica, economica, culturale o sociale idonea a rendere l\u2019interessato identificato o identificabile, a seconda del tipo di servizi richiesti (di seguito solo \u201cdati personali\u201d). I dati personali trattati attraverso il Sito sono i seguenti:<br \/><br \/>a. Dati di navigazione<br \/>I sistemi informatici e le procedure software preposte al funzionamento del Sito acquisiscono, nel corso del loro normale esercizio, alcuni dati personali la cui trasmissione \u00e8 implicita nell\u2019uso dei protocolli di comunicazione di Internet. Si tratta di informazioni che non sono raccolte per essere associate a interessati identificati, ma che per loro stessa natura potrebbero, attraverso elaborazioni ed associazioni con dati detenuti da terzi, permettere di identificare gli utenti. In questa categoria di dati rientrano gli indirizzi IP o i nomi a dominio dei computer utilizzati dagli utenti che si connettono al Sito, gli indirizzi in notazione URI (Uniform Resource Identifier) delle risorse richieste, l\u2019orario della richiesta, il metodo utilizzato nel sottoporre la richiesta al server, la dimensione del file ottenuto in risposta, il codice numerico indicante lo stato della risposta data dal server (buon fine, errore, etc.) ed altri parametri relativi al sistema operativo e all\u2019ambiente informatico dell\u2019utente.<br \/><br \/>b. Cookie<br \/>Le informazioni sui cookie serviti dal Sito sono disponibili\u00a0<strong>qui.<\/strong> <br \/><strong>3. FINALIT\u00c0 DEL TRATTAMENTO<\/strong><br \/><br \/>I suoi dati personali verranno trattati per le seguenti finalit\u00e0:<br \/><br \/>3.1. consentire la navigazione del Sito e l\u2019erogazione dei servizi ivi messi a diposizione dal Titolare, compresa la gestione della sicurezza del Sito;<br \/>3.2. adempiere ad eventuali obblighi previsti dalle leggi vigenti, da regolamenti o dalla normativa comunitaria, o soddisfare richieste provenienti dalle autorit\u00e0;<br \/>3.3. per l\u2019elaborazione di statistiche, senza che sia possibile risalire alla Sua identit\u00e0.<br \/><br \/>Specifiche misure di sicurezza sono osservate per prevenire la perdita dei dati, usi illeciti o non corretti ed accessi non autorizzati.<br \/><br \/><strong>4. BASE LEGALE E NATURA OBBLIGATORIA O FACOLTATIVA DEL TRATTAMENTO<\/strong><br \/><br \/>La base legale del trattamento di dati personali per le finalit\u00e0 di cui alla sezione 3.1 \u00e8 l\u2019art. 6(1)(b) del Regolamento ([\u2026]il trattamento \u00e8 necessario all\u2019esecuzione di un contratto di cui l\u2019interessato \u00e8 parte o all\u2019esecuzione di misure precontrattuali adottate su richiesta dello stesso), in quanto i trattamenti sono necessari all\u2019erogazione dei servizi. La base legale del trattamento di dati personali per le finalit\u00e0 di cui alla sezione 3.2 \u00e8, invece, l\u2019art. 6(1)(c) del Regolamento ([\u2026]il trattamento \u00e8 necessario per adempiere un obbligo legale al quale \u00e8 soggetto il titolare del trattamento). Il conferimento dei dati personali per queste finalit\u00e0 \u00e8 facoltativo, ma l\u2019eventuale mancato conferimento comporterebbe l\u2019impossibilit\u00e0 di attivare i servizi richiesti. Si precisa, invece, che il trattamento di cui alla sezione 3.3 non \u00e8 eseguito su dati personali e pertanto pu\u00f2 essere liberamente effettuato dal Titolare.<br \/><br \/><strong>5. DESTINATARI DEI DATI PERSONALI<\/strong><br \/><br \/>I Suoi dati personali potranno essere condivisi, per le finalit\u00e0 di cui alla sezione 3 della presente Privacy Policy, con:<br \/>5.1. soggetti che agiscono tipicamente in qualit\u00e0 di responsabili del trattamento ai sensi degli artt. 29 del Codice e 28 del Regolamento, ossia, soggetti che cooperano con il Titolare per il perseguimento delle finalit\u00e0 di cui sopra, compresi i soggetti delegati a svolgere attivit\u00e0 di manutenzione tecnica (collettivamente \u201cDestinatari\u201d);<br \/>5.2. soggetti, enti od autorit\u00e0 a cui sia obbligatorio comunicare i Suoi dati personali in forza di disposizioni di legge o di ordini delle autorit\u00e0;<br \/>5.3. persone autorizzate dal Titolare, ai sensi degli artt. 30 del Codice e 29 del Regolamento, al trattamento di dati personali necessario a svolgere attivit\u00e0 strettamente correlate all\u2019erogazione dei servizi, che si siano impegnate alla riservatezza o abbiano un adeguato obbligo legale di riservatezza. La lista aggiornata dei soggetti che potrebbero trattare i suoi dati personali, in qualit\u00e0 di responsabili del trattamento \u00e8 disponibile, inviando una richiesta scritta al Titolare ai recapiti indicati nella sezione \u201cContatti\u201d di questa informativa.<br \/><br \/><strong>6. TRASFERIMENTI DEI DATI PERSONALI<\/strong><br \/>Alcuni dei Suoi dati personali potrebbero essere condivisi con Destinatari che si trovano al di fuori dello Spazio Economico Europeo. Il Titolare assicura che il trattamento dei Suoi dati personali da parte di questi Destinatari avviene nel rispetto degli artt. 43 e 44 del Codice, nonch\u00e9 degli artt. 44 \u2013 49 del Regolamento. Maggiori informazioni sono disponibili inviando una richiesta scritta al Titolare ai recapiti indicati nella sezione \u201cContatti\u201d di questa informativa.<br \/><br \/><strong>7. CONSERVAZIONE DEI DATI PERSONALI<\/strong><br \/>I dati personali trattati per le finalit\u00e0 di cui alla sezione 3.1 saranno conservati per il tempo strettamente necessario a raggiungere quelle stesse finalit\u00e0. In ogni caso, trattandosi di trattamenti svolti per la fornitura di servizi, il Titolare conserver\u00e0 i dati personali per il periodo di tempo previsto e ammesso dalla normativa italiana a tutela dei propri interessi (Art. 2946 c.c. e ss.).<br \/>I dati personali trattati per le finalit\u00e0 di cui alla sezione 3.2 saranno conservati fino al tempo previsto dallo specifico obbligo o norma di legge applicabile.<br \/>Maggiori informazioni in merito al periodo di conservazione dei dati e ai criteri utilizzati per determinare tale periodo possono essere richieste inviando una richiesta scritta al Titolare ai recapiti indicati nella sezione \u201cContatti\u201d di questa informativa.<br \/>\u00c8 fatta salva, in ogni caso, la possibilit\u00e0 per il Titolare di conservare i Suoi dati personali per il periodo di tempo previsto e ammesso dalla legge italiana a tutela dei propri interessi (Art. 2947(1)(3) c.c.).<br \/><br \/><strong>8. DIRITTI DELL\u2019INTERESSATO<\/strong><br \/>Ai sensi dell\u2019art. 7 del Codice, Lei ha il diritto in qualunque momento di ottenere la conferma dell\u2019esistenza o meno dei suoi dati personali e di conoscerne il contenuto e l\u2019origine, verificarne l\u2019esattezza o chiederne l\u2019integrazione o l\u2019aggiornamento, oppure la rettificazione; ha il diritto di chiedere la cancellazione, la trasformazione in forma anonima o il blocco dei dati trattati in violazione di legge, nonch\u00e9 di opporsi in ogni caso, per motivi legittimi, al loro trattamento. A partire dal 25 maggio del 2018 lei ha, altres\u00ec, diritto di richiedere l\u2019accesso ai suoi dati, di opporsi al trattamento, di chiedere la limitazione del trattamento nei casi previsti dall\u2019art. 18 del Regolamento, ove tecnicamente possibile, nonch\u00e9 di ottenere in un formato strutturato, di uso comune e leggibile da dispositivo automatico i dati che la riguardano, nei casi previsti dall\u2019art. 20 del Regolamento. Le richieste vanno rivolte per iscritto al Titolare ai recapiti indicati nella sezione \u201cContatti\u201d di questa informativa. In ogni caso lei ha sempre diritto di proporre reclamo all\u2019autorit\u00e0 di controllo competente (Garante per la protezione dei Dati Personali), ai sensi dell\u2019art. 77 del Regolamento, qualora ritenga che il trattamento dei suoi dati sia contrario alla normativa in vigore.<br \/><br \/><strong>9. MODIFICHE<\/strong><br \/>Il Titolare si riserva di modificarne o semplicemente aggiornarne il contenuto, in parte o completamente, anche a causa di variazioni della normativa applicabile. Il Titolare La invita, quindi, a visitare con regolarit\u00e0 questa sezione per prendere cognizione della pi\u00f9 recente ed aggiornata versione della Privacy Policy, in modo da essere sempre aggiornato sui dati raccolti e sull\u2019uso che ne fa ZeroSprechi.<br \/><strong>10. CONTATTI<\/strong><br \/>Per esercitare i diritti di cui sopra o per qualunque altra richiesta pu\u00f2 scrivere al Titolare del trattamento all\u2019indirizzo fisico sopra indicato, o attraverso l\u2019indirizzo e-mail info@zerosprechi.it, preferibilmente, inserendo nell\u2019oggetto della comunicazione la dicitura \u201crichiesta esercizio diritti privacy\u201d.<\/p>\t\t\t\t\t\t<\/div>\n\t\t\t\t<\/div>\n\t\t\t\t\t<\/div>\n\t\t<\/div>\n\t\t\t\t\t\t\t<\/div>\n\t\t<\/section>\n\t\t\t\t\t\t\t<\/div>\n\t\t","protected":false},"excerpt":{"rendered":"<p>Privacy Policy (Informativa sul trattamento dei dati personali ai sensi degli art. 13 del D.lgs. n. 196\/2003, nonch\u00e9 del Regolamento UE 679\/2016) ZeroSprechi, in qualit\u00e0 di Titolare del trattamento (d\u2019ora in avanti: \u201cZeroSprechi\u201d o \u201cTitolare\u201d) ai sensi del D.lgs. n. 196\/2003 (\u201cCodice\u201d), nonch\u00e9 del Regolamento UE 679\/2016 (d\u2019ora in avanti: \u201cRegolamento\u201d) \u2013 considera la privacy [&hellip;]<\/p>\n","protected":false},"author":1,"featured_media":0,"parent":0,"menu_order":0,"comment_status":"closed","ping_status":"closed","template":"","meta":{"_eb_attr":"","content-type":"","inline_featured_image":false,"footnotes":""},"class_list":["post-456","page","type-page","status-publish","hentry"],"yoast_head":"<!-- This site is optimized with the Yoast SEO plugin v20.11 - https:\/\/yoast.com\/wordpress\/plugins\/seo\/ -->\n<title>Privacy Policy - zero sprechi<\/title>\n<meta name=\"robots\" content=\"index, follow, max-snippet:-1, max-image-preview:large, max-video-preview:-1\" \/>\n<link rel=\"canonical\" href=\"https:\/\/zerosprechi.it\/?page_id=456\" \/>\n<meta property=\"og:locale\" content=\"it_IT\" \/>\n<meta property=\"og:type\" content=\"article\" \/>\n<meta property=\"og:title\" content=\"Privacy Policy - zero sprechi\" \/>\n<meta property=\"og:description\" content=\"Privacy Policy (Informativa sul trattamento dei dati personali ai sensi degli art. 13 del D.lgs. n. 196\/2003, nonch\u00e9 del Regolamento UE 679\/2016) ZeroSprechi, in qualit\u00e0 di Titolare del trattamento (d\u2019ora in avanti: \u201cZeroSprechi\u201d o \u201cTitolare\u201d) ai sensi del D.lgs. n. 196\/2003 (\u201cCodice\u201d), nonch\u00e9 del Regolamento UE 679\/2016 (d\u2019ora in avanti: \u201cRegolamento\u201d) \u2013 considera la privacy [&hellip;]\" \/>\n<meta property=\"og:url\" content=\"https:\/\/zerosprechi.it\/?page_id=456\" \/>\n<meta property=\"og:site_name\" content=\"zero sprechi\" \/>\n<meta property=\"article:modified_time\" content=\"2023-05-29T08:30:12+00:00\" \/>\n<meta name=\"twitter:card\" content=\"summary_large_image\" \/>\n<meta name=\"twitter:label1\" content=\"Tempo di lettura stimato\" \/>\n\t<meta name=\"twitter:data1\" content=\"9 minuti\" \/>\n<script type=\"application\/ld+json\" class=\"yoast-schema-graph\">{\"@context\":\"https:\/\/schema.org\",\"@graph\":[{\"@type\":\"WebPage\",\"@id\":\"https:\/\/zerosprechi.it\/?page_id=456\",\"url\":\"https:\/\/zerosprechi.it\/?page_id=456\",\"name\":\"Privacy Policy - zero sprechi\",\"isPartOf\":{\"@id\":\"https:\/\/zerosprechi.it\/#website\"},\"datePublished\":\"2023-05-08T16:52:55+00:00\",\"dateModified\":\"2023-05-29T08:30:12+00:00\",\"breadcrumb\":{\"@id\":\"https:\/\/zerosprechi.it\/?page_id=456#breadcrumb\"},\"inLanguage\":\"it-IT\",\"potentialAction\":[{\"@type\":\"ReadAction\",\"target\":[\"https:\/\/zerosprechi.it\/?page_id=456\"]}]},{\"@type\":\"BreadcrumbList\",\"@id\":\"https:\/\/zerosprechi.it\/?page_id=456#breadcrumb\",\"itemListElement\":[{\"@type\":\"ListItem\",\"position\":1,\"name\":\"Home\",\"item\":\"https:\/\/zerosprechi.it\/\"},{\"@type\":\"ListItem\",\"position\":2,\"name\":\"Privacy Policy\"}]},{\"@type\":\"WebSite\",\"@id\":\"https:\/\/zerosprechi.it\/#website\",\"url\":\"https:\/\/zerosprechi.it\/\",\"name\":\"zero sprechi\",\"description\":\"Accendi il risparmio\",\"publisher\":{\"@id\":\"https:\/\/zerosprechi.it\/#organization\"},\"potentialAction\":[{\"@type\":\"SearchAction\",\"target\":{\"@type\":\"EntryPoint\",\"urlTemplate\":\"https:\/\/zerosprechi.it\/?s={search_term_string}\"},\"query-input\":\"required name=search_term_string\"}],\"inLanguage\":\"it-IT\"},{\"@type\":\"Organization\",\"@id\":\"https:\/\/zerosprechi.it\/#organization\",\"name\":\"zero sprechi\",\"url\":\"https:\/\/zerosprechi.it\/\",\"logo\":{\"@type\":\"ImageObject\",\"inLanguage\":\"it-IT\",\"@id\":\"https:\/\/zerosprechi.it\/#\/schema\/logo\/image\/\",\"url\":\"https:\/\/zerosprechi.it\/wp-content\/uploads\/2022\/11\/zerosprechi-2.jpg\",\"contentUrl\":\"https:\/\/zerosprechi.it\/wp-content\/uploads\/2022\/11\/zerosprechi-2.jpg\",\"width\":160,\"height\":160,\"caption\":\"zero sprechi\"},\"image\":{\"@id\":\"https:\/\/zerosprechi.it\/#\/schema\/logo\/image\/\"}}]}<\/script>\n<!-- \/ Yoast SEO plugin. -->","yoast_head_json":{"title":"Privacy Policy - zero sprechi","robots":{"index":"index","follow":"follow","max-snippet":"max-snippet:-1","max-image-preview":"max-image-preview:large","max-video-preview":"max-video-preview:-1"},"canonical":"https:\/\/zerosprechi.it\/?page_id=456","og_locale":"it_IT","og_type":"article","og_title":"Privacy Policy - zero sprechi","og_description":"Privacy Policy (Informativa sul trattamento dei dati personali ai sensi degli art. 13 del D.lgs. n. 196\/2003, nonch\u00e9 del Regolamento UE 679\/2016) ZeroSprechi, in qualit\u00e0 di Titolare del trattamento (d\u2019ora in avanti: \u201cZeroSprechi\u201d o \u201cTitolare\u201d) ai sensi del D.lgs. n. 196\/2003 (\u201cCodice\u201d), nonch\u00e9 del Regolamento UE 679\/2016 (d\u2019ora in avanti: \u201cRegolamento\u201d) \u2013 considera la privacy [&hellip;]","og_url":"https:\/\/zerosprechi.it\/?page_id=456","og_site_name":"zero sprechi","article_modified_time":"2023-05-29T08:30:12+00:00","twitter_card":"summary_large_image","twitter_misc":{"Tempo di lettura stimato":"9 minuti"},"schema":{"@context":"https:\/\/schema.org","@graph":[{"@type":"WebPage","@id":"https:\/\/zerosprechi.it\/?page_id=456","url":"https:\/\/zerosprechi.it\/?page_id=456","name":"Privacy Policy - zero sprechi","isPartOf":{"@id":"https:\/\/zerosprechi.it\/#website"},"datePublished":"2023-05-08T16:52:55+00:00","dateModified":"2023-05-29T08:30:12+00:00","breadcrumb":{"@id":"https:\/\/zerosprechi.it\/?page_id=456#breadcrumb"},"inLanguage":"it-IT","potentialAction":[{"@type":"ReadAction","target":["https:\/\/zerosprechi.it\/?page_id=456"]}]},{"@type":"BreadcrumbList","@id":"https:\/\/zerosprechi.it\/?page_id=456#breadcrumb","itemListElement":[{"@type":"ListItem","position":1,"name":"Home","item":"https:\/\/zerosprechi.it\/"},{"@type":"ListItem","position":2,"name":"Privacy Policy"}]},{"@type":"WebSite","@id":"https:\/\/zerosprechi.it\/#website","url":"https:\/\/zerosprechi.it\/","name":"zero sprechi","description":"Accendi il risparmio","publisher":{"@id":"https:\/\/zerosprechi.it\/#organization"},"potentialAction":[{"@type":"SearchAction","target":{"@type":"EntryPoint","urlTemplate":"https:\/\/zerosprechi.it\/?s={search_term_string}"},"query-input":"required name=search_term_string"}],"inLanguage":"it-IT"},{"@type":"Organization","@id":"https:\/\/zerosprechi.it\/#organization","name":"zero sprechi","url":"https:\/\/zerosprechi.it\/","logo":{"@type":"ImageObject","inLanguage":"it-IT","@id":"https:\/\/zerosprechi.it\/#\/schema\/logo\/image\/","url":"https:\/\/zerosprechi.it\/wp-content\/uploads\/2022\/11\/zerosprechi-2.jpg","contentUrl":"https:\/\/zerosprechi.it\/wp-content\/uploads\/2022\/11\/zerosprechi-2.jpg","width":160,"height":160,"caption":"zero sprechi"},"image":{"@id":"https:\/\/zerosprechi.it\/#\/schema\/logo\/image\/"}}]}},"_links":{"self":[{"href":"https:\/\/zerosprechi.it\/index.php?rest_route=\/wp\/v2\/pages\/456","targetHints":{"allow":["GET"]}}],"collection":[{"href":"https:\/\/zerosprechi.it\/index.php?rest_route=\/wp\/v2\/pages"}],"about":[{"href":"https:\/\/zerosprechi.it\/index.php?rest_route=\/wp\/v2\/types\/page"}],"author":[{"embeddable":true,"href":"https:\/\/zerosprechi.it\/index.php?rest_route=\/wp\/v2\/users\/1"}],"replies":[{"embeddable":true,"href":"https:\/\/zerosprechi.it\/index.php?rest_route=%2Fwp%2Fv2%2Fcomments&post=456"}],"version-history":[{"count":4,"href":"https:\/\/zerosprechi.it\/index.php?rest_route=\/wp\/v2\/pages\/456\/revisions"}],"predecessor-version":[{"id":486,"href":"https:\/\/zerosprechi.it\/index.php?rest_route=\/wp\/v2\/pages\/456\/revisions\/486"}],"wp:attachment":[{"href":"https:\/\/zerosprechi.it\/index.php?rest_route=%2Fwp%2Fv2%2Fmedia&parent=456"}],"curies":[{"name":"wp","href":"https:\/\/api.w.org\/{rel}","templated":true}]}}